{"id":45,"date":"2012-06-29T23:52:24","date_gmt":"2012-06-29T22:52:24","guid":{"rendered":"http:\/\/cluster015.ovh.net\/~mzkbnfek\/?page_id=45"},"modified":"2019-04-30T06:57:57","modified_gmt":"2019-04-30T05:57:57","slug":"biographie","status":"publish","type":"page","link":"https:\/\/www.14512.be\/?page_id=45","title":{"rendered":"Biography"},"content":{"rendered":"<p>&nbsp;<\/p>\n<p><img loading=\"lazy\" decoding=\"async\" class=\"wp-image-1605 alignright\" src=\"http:\/\/www.14512.be\/wp-content\/uploads\/2012\/06\/Sans-titre-1-copie-2.jpg\" alt=\"Sans titre-1 copie 2\" width=\"387\" height=\"346\" srcset=\"https:\/\/www.14512.be\/wp-content\/uploads\/2012\/06\/Sans-titre-1-copie-2.jpg 3164w, https:\/\/www.14512.be\/wp-content\/uploads\/2012\/06\/Sans-titre-1-copie-2-300x267.jpg 300w, https:\/\/www.14512.be\/wp-content\/uploads\/2012\/06\/Sans-titre-1-copie-2-1024x913.jpg 1024w, https:\/\/www.14512.be\/wp-content\/uploads\/2012\/06\/Sans-titre-1-copie-2-180x160.jpg 180w\" sizes=\"auto, (max-width: 387px) 100vw, 387px\" \/><\/p>\n<p align=\"CENTER\">NEL<\/p>\n<p align=\"CENTER\">N\u00e9e \u00e0 Etterbeek en 1986 |<br \/>\nsculpteur symbolique-surr\u00e9aliste-Neo Pop<\/p>\n<p align=\"CENTER\">Le travail tout entier de Nel tire sa force de l\u2019inventive alternance d\u2019une figuration aux notes de \u00ab pop\u2019art \u00bb et d\u2019une d\u00e9construction de la langue fran\u00e7aise. D\u00e8s le premier coup d\u2019\u0153il, on d\u00e9couvre des cr\u00e9ations qui se jouent des expressions et de leur repr\u00e9sentation mentale pour osciller perp\u00e9tuellement entre la symbolique d\u2019un concept et sa repr\u00e9sentation litt\u00e9rale. Qu\u2019est-ce que le sens d\u2019une image ? Celui-ci doit-il se confondre avec son explication ? C\u2019est-\u00e0-dire avec son titre ? De part ce questionnement et cette logique de jeu entre signifi\u00e9 et signifiant, les \u0153uvres de Nel-14512 portent ind\u00e9niablement l\u2019empreinte du surr\u00e9alisme. L\u2019artiste se distingue toutefois de certaines pratiques modernes par une envie de ne pas faire un \u00ab m\u00e9susage \u00bb du langage. Si l\u2019on retrouve un souci de la ressemblance et de la repr\u00e9sentation de d\u00e9tails, par contraste, son questionnement de la langue ne se traduit pas par l\u2019absence de rapport entre le mot et l\u2019image.Au contraire,\u00a0ses sculptures prennent \u00e0 bras-le-corps la question de la repr\u00e9sentation du titre. Cette r\u00e9flexion a \u00e9t\u00e9 int\u00e9gr\u00e9e de diverses mani\u00e8res dans son travail empli d\u2019une connotation po\u00e9tico-litt\u00e9raire.<\/p>\n<p>En ce sens, l\u2019artiste \u00ab \u00e9puise \u00bb le titre et sa repr\u00e9sentation symbolique.<\/p>\n<p>Son art et ses recherches, techniques et documentaires, visent \u00e0 produire chez tout un chacun un choc visuel, inh\u00e9rent \u00e0 la juxtaposition d\u2019images ou d\u2019objets incongrus.<\/p>\n<p>NEL s\u2019adonne volontiers \u00e0 des jeux s\u00e9mantiques.\u00a0L\u2019artiste cherche une forme d\u2019expression quasi philosophique \u00e9branlant, sans \u00e9gard, quelques-unes de nos certitudes les plus vivaces. Elle aime d\u00e9construire la langue au moins autant qu\u2019elle aime construire son empreinte plastique.<\/p>\n<p>&nbsp;<\/p>\n<p>Pour Nel : \u00ab toute chose observ\u00e9e d\u2019un angle diff\u00e9rent, donne une vision diff\u00e9r\u00e9e de ce que l\u2019on pensait pourtant fixe \u00bb. L\u2019image nous attire dans un univers qui demeure celui du r\u00eave, avec ses juxtapositions d\u2019\u00e9l\u00e9ments h\u00e9t\u00e9rog\u00e8nes et parfois contradictoires ; o\u00f9 le sens peut \u00eatre appr\u00e9hend\u00e9 ind\u00e9finiment\u2026Serions-nous pr\u00eat \u00e0 lui conc\u00e9der que tout est une question d\u2019angles, en somme ou en partie ?<\/p>\n<p>&nbsp;<\/p>\n<p>Mise en ab\u00eeme, pr\u00e9dominance de l\u2019id\u00e9e sur le r\u00e9sultat, troubles de la perception\u2026ces obsessions ch\u00e8res aux surr\u00e9alistes se retrouvent \u00e0 l\u2019\u0153uvre chez cette jeune autodidacte.<\/p>\n<p><em>R\u00e9dig\u00e9 par : Laura Goedert \u2013 curatrice des expositions contemporaine \u00e0 L\u2019Arc sc\u00e8ne nationale de Bourgogne<\/em><\/p>\n<p align=\"CENTER\">\n","protected":false},"excerpt":{"rendered":"<p>&nbsp; NEL N\u00e9e \u00e0 Etterbeek en 1986 | sculpteur symbolique-surr\u00e9aliste-Neo Pop Le travail tout entier de Nel tire sa force de l\u2019inventive alternance d\u2019une figuration aux notes de \u00ab pop\u2019art \u00bb et d\u2019une d\u00e9construction de la langue fran\u00e7aise. D\u00e8s le premier coup d\u2019\u0153il, on d\u00e9couvre des cr\u00e9ations qui se jouent des expressions et de leur [&hellip;]<\/p>\n","protected":false},"author":1,"featured_media":0,"parent":0,"menu_order":7,"comment_status":"closed","ping_status":"open","template":"","meta":{"footnotes":""},"class_list":["post-45","page","type-page","status-publish","hentry"],"_links":{"self":[{"href":"https:\/\/www.14512.be\/index.php?rest_route=\/wp\/v2\/pages\/45","targetHints":{"allow":["GET"]}}],"collection":[{"href":"https:\/\/www.14512.be\/index.php?rest_route=\/wp\/v2\/pages"}],"about":[{"href":"https:\/\/www.14512.be\/index.php?rest_route=\/wp\/v2\/types\/page"}],"author":[{"embeddable":true,"href":"https:\/\/www.14512.be\/index.php?rest_route=\/wp\/v2\/users\/1"}],"replies":[{"embeddable":true,"href":"https:\/\/www.14512.be\/index.php?rest_route=%2Fwp%2Fv2%2Fcomments&post=45"}],"version-history":[{"count":39,"href":"https:\/\/www.14512.be\/index.php?rest_route=\/wp\/v2\/pages\/45\/revisions"}],"predecessor-version":[{"id":3048,"href":"https:\/\/www.14512.be\/index.php?rest_route=\/wp\/v2\/pages\/45\/revisions\/3048"}],"wp:attachment":[{"href":"https:\/\/www.14512.be\/index.php?rest_route=%2Fwp%2Fv2%2Fmedia&parent=45"}],"curies":[{"name":"wp","href":"https:\/\/api.w.org\/{rel}","templated":true}]}}