{"id":3515,"date":"2021-04-28T05:59:16","date_gmt":"2021-04-28T04:59:16","guid":{"rendered":"http:\/\/www.14512.be\/?page_id=3515"},"modified":"2021-04-29T10:19:57","modified_gmt":"2021-04-29T09:19:57","slug":"la-ville-sainte-l-e-7-7","status":"publish","type":"page","link":"https:\/\/www.14512.be\/?page_id=3515","title":{"rendered":"La ville sainte L.E."},"content":{"rendered":"<div>\n<p>7\/7 edition limit\u00e9e.<\/p>\n<\/div>\n<div>Pi\u00e8ce moul\u00e9e et sculpt\u00e9e \u00e0 la main.<br \/>\nPorcelaine synth\u00e9tique, Nylon projet\u00e9.<\/div>\n<div>Cachet\u00e9e, sign\u00e9e, num\u00e9rot\u00e9e et accompagn\u00e9e de son certificat d&rsquo;authenticit\u00e9.<\/div>\n<div>\n<p>Caisse de transport sur mesure.<\/p>\n<\/div>\n","protected":false},"excerpt":{"rendered":"<p>7\/7 edition limit\u00e9e. Pi\u00e8ce moul\u00e9e et sculpt\u00e9e \u00e0 la main. Porcelaine synth\u00e9tique, Nylon projet\u00e9. Cachet\u00e9e, sign\u00e9e, num\u00e9rot\u00e9e et accompagn\u00e9e de son certificat d&rsquo;authenticit\u00e9. Caisse de transport sur mesure.<\/p>\n","protected":false},"author":1,"featured_media":0,"parent":3378,"menu_order":0,"comment_status":"closed","ping_status":"closed","template":"gallery_2.php","meta":{"footnotes":""},"class_list":["post-3515","page","type-page","status-publish","hentry"],"_links":{"self":[{"href":"https:\/\/www.14512.be\/index.php?rest_route=\/wp\/v2\/pages\/3515","targetHints":{"allow":["GET"]}}],"collection":[{"href":"https:\/\/www.14512.be\/index.php?rest_route=\/wp\/v2\/pages"}],"about":[{"href":"https:\/\/www.14512.be\/index.php?rest_route=\/wp\/v2\/types\/page"}],"author":[{"embeddable":true,"href":"https:\/\/www.14512.be\/index.php?rest_route=\/wp\/v2\/users\/1"}],"replies":[{"embeddable":true,"href":"https:\/\/www.14512.be\/index.php?rest_route=%2Fwp%2Fv2%2Fcomments&post=3515"}],"version-history":[{"count":5,"href":"https:\/\/www.14512.be\/index.php?rest_route=\/wp\/v2\/pages\/3515\/revisions"}],"predecessor-version":[{"id":3522,"href":"https:\/\/www.14512.be\/index.php?rest_route=\/wp\/v2\/pages\/3515\/revisions\/3522"}],"up":[{"embeddable":true,"href":"https:\/\/www.14512.be\/index.php?rest_route=\/wp\/v2\/pages\/3378"}],"wp:attachment":[{"href":"https:\/\/www.14512.be\/index.php?rest_route=%2Fwp%2Fv2%2Fmedia&parent=3515"}],"curies":[{"name":"wp","href":"https:\/\/api.w.org\/{rel}","templated":true}]}}