{"id":3430,"date":"2020-11-11T06:58:26","date_gmt":"2020-11-11T05:58:26","guid":{"rendered":"http:\/\/www.14512.be\/?page_id=3430"},"modified":"2020-11-11T06:58:26","modified_gmt":"2020-11-11T05:58:26","slug":"cercle-vicieux-l-e","status":"publish","type":"page","link":"https:\/\/www.14512.be\/?page_id=3430","title":{"rendered":"Cercle vicieux L.E."},"content":{"rendered":"<p>7\/7 edition limit\u00e9e.<\/p>\n<p>Pi\u00e8ce moul\u00e9e et chrom\u00e9e \u00e0 la main.<br \/>\nPorcelaine synth\u00e9tique.<br \/>\nCachet\u00e9e, sign\u00e9e, num\u00e9rot\u00e9e et accompagn\u00e9e de son certificat d&rsquo;authenticit\u00e9.<\/p>\n<p>Caisse de transport sur mesure.<\/p>\n","protected":false},"excerpt":{"rendered":"<p>7\/7 edition limit\u00e9e. Pi\u00e8ce moul\u00e9e et chrom\u00e9e \u00e0 la main. Porcelaine synth\u00e9tique. Cachet\u00e9e, sign\u00e9e, num\u00e9rot\u00e9e et accompagn\u00e9e de son certificat d&rsquo;authenticit\u00e9. Caisse de transport sur mesure.<\/p>\n","protected":false},"author":1,"featured_media":0,"parent":3378,"menu_order":0,"comment_status":"closed","ping_status":"closed","template":"gallery_2.php","meta":{"footnotes":""},"class_list":["post-3430","page","type-page","status-publish","hentry"],"_links":{"self":[{"href":"https:\/\/www.14512.be\/index.php?rest_route=\/wp\/v2\/pages\/3430","targetHints":{"allow":["GET"]}}],"collection":[{"href":"https:\/\/www.14512.be\/index.php?rest_route=\/wp\/v2\/pages"}],"about":[{"href":"https:\/\/www.14512.be\/index.php?rest_route=\/wp\/v2\/types\/page"}],"author":[{"embeddable":true,"href":"https:\/\/www.14512.be\/index.php?rest_route=\/wp\/v2\/users\/1"}],"replies":[{"embeddable":true,"href":"https:\/\/www.14512.be\/index.php?rest_route=%2Fwp%2Fv2%2Fcomments&post=3430"}],"version-history":[{"count":1,"href":"https:\/\/www.14512.be\/index.php?rest_route=\/wp\/v2\/pages\/3430\/revisions"}],"predecessor-version":[{"id":3431,"href":"https:\/\/www.14512.be\/index.php?rest_route=\/wp\/v2\/pages\/3430\/revisions\/3431"}],"up":[{"embeddable":true,"href":"https:\/\/www.14512.be\/index.php?rest_route=\/wp\/v2\/pages\/3378"}],"wp:attachment":[{"href":"https:\/\/www.14512.be\/index.php?rest_route=%2Fwp%2Fv2%2Fmedia&parent=3430"}],"curies":[{"name":"wp","href":"https:\/\/api.w.org\/{rel}","templated":true}]}}