{"id":3389,"date":"2020-11-11T06:41:19","date_gmt":"2020-11-11T05:41:19","guid":{"rendered":"http:\/\/www.14512.be\/?page_id=3389"},"modified":"2020-11-27T13:33:26","modified_gmt":"2020-11-27T12:33:26","slug":"rechauffement-climatique-l-e","status":"publish","type":"page","link":"https:\/\/www.14512.be\/?page_id=3389","title":{"rendered":"R\u00e9chauffement climatique L.E. Laque"},"content":{"rendered":"<p>30\/30 edition limit\u00e9e.<br \/>\nPi\u00e8ce moul\u00e9e et peinte \u00e0 la main.<br \/>\nPorcelaine synth\u00e9tique.<br \/>\nCachet\u00e9e, sign\u00e9e, num\u00e9rot\u00e9e et accompagn\u00e9e de son certificat d&rsquo;authenticit\u00e9.<br \/>\nCaisse de transport sur mesure.<\/p>\n","protected":false},"excerpt":{"rendered":"<p>30\/30 edition limit\u00e9e. Pi\u00e8ce moul\u00e9e et peinte \u00e0 la main. Porcelaine synth\u00e9tique. Cachet\u00e9e, sign\u00e9e, num\u00e9rot\u00e9e et accompagn\u00e9e de son certificat d&rsquo;authenticit\u00e9. Caisse de transport sur mesure.<\/p>\n","protected":false},"author":1,"featured_media":0,"parent":3378,"menu_order":0,"comment_status":"closed","ping_status":"closed","template":"gallery_2.php","meta":{"footnotes":""},"class_list":["post-3389","page","type-page","status-publish","hentry"],"_links":{"self":[{"href":"https:\/\/www.14512.be\/index.php?rest_route=\/wp\/v2\/pages\/3389","targetHints":{"allow":["GET"]}}],"collection":[{"href":"https:\/\/www.14512.be\/index.php?rest_route=\/wp\/v2\/pages"}],"about":[{"href":"https:\/\/www.14512.be\/index.php?rest_route=\/wp\/v2\/types\/page"}],"author":[{"embeddable":true,"href":"https:\/\/www.14512.be\/index.php?rest_route=\/wp\/v2\/users\/1"}],"replies":[{"embeddable":true,"href":"https:\/\/www.14512.be\/index.php?rest_route=%2Fwp%2Fv2%2Fcomments&post=3389"}],"version-history":[{"count":5,"href":"https:\/\/www.14512.be\/index.php?rest_route=\/wp\/v2\/pages\/3389\/revisions"}],"predecessor-version":[{"id":3449,"href":"https:\/\/www.14512.be\/index.php?rest_route=\/wp\/v2\/pages\/3389\/revisions\/3449"}],"up":[{"embeddable":true,"href":"https:\/\/www.14512.be\/index.php?rest_route=\/wp\/v2\/pages\/3378"}],"wp:attachment":[{"href":"https:\/\/www.14512.be\/index.php?rest_route=%2Fwp%2Fv2%2Fmedia&parent=3389"}],"curies":[{"name":"wp","href":"https:\/\/api.w.org\/{rel}","templated":true}]}}