{"id":2992,"date":"2019-04-25T06:07:35","date_gmt":"2019-04-25T05:07:35","guid":{"rendered":"http:\/\/www.14512.be\/?page_id=2992"},"modified":"2019-04-25T06:22:14","modified_gmt":"2019-04-25T05:22:14","slug":"publications","status":"publish","type":"page","link":"https:\/\/www.14512.be\/?page_id=2992","title":{"rendered":"Publications"},"content":{"rendered":"<p><img loading=\"lazy\" decoding=\"async\" class=\"aligncenter wp-image-3004\" src=\"http:\/\/www.14512.be\/wp-content\/uploads\/2019\/04\/Mati\u00e8re-\u00e0-r\u00e9flexion-1-1024x524.jpg\" alt=\"\" width=\"1155\" height=\"591\" srcset=\"https:\/\/www.14512.be\/wp-content\/uploads\/2019\/04\/Mati\u00e8re-\u00e0-r\u00e9flexion-1-1024x524.jpg 1024w, https:\/\/www.14512.be\/wp-content\/uploads\/2019\/04\/Mati\u00e8re-\u00e0-r\u00e9flexion-1-300x154.jpg 300w, https:\/\/www.14512.be\/wp-content\/uploads\/2019\/04\/Mati\u00e8re-\u00e0-r\u00e9flexion-1-768x393.jpg 768w\" sizes=\"auto, (max-width: 1155px) 100vw, 1155px\" \/><\/p>\n<p><img loading=\"lazy\" decoding=\"async\" class=\"aligncenter size-large wp-image-3007\" src=\"http:\/\/www.14512.be\/wp-content\/uploads\/2019\/04\/De-la-suie-larc-full-1024x524.jpg\" alt=\"\" width=\"1024\" height=\"524\" srcset=\"https:\/\/www.14512.be\/wp-content\/uploads\/2019\/04\/De-la-suie-larc-full-1024x524.jpg 1024w, https:\/\/www.14512.be\/wp-content\/uploads\/2019\/04\/De-la-suie-larc-full-300x154.jpg 300w, https:\/\/www.14512.be\/wp-content\/uploads\/2019\/04\/De-la-suie-larc-full-768x393.jpg 768w\" sizes=\"auto, (max-width: 1024px) 100vw, 1024px\" \/><\/p>\n<p><a href=\"http:\/\/www.14512.be\/wp-content\/uploads\/2019\/04\/Cita-Namur-full.jpg\"><img loading=\"lazy\" decoding=\"async\" class=\"aligncenter size-large wp-image-3011\" src=\"http:\/\/www.14512.be\/wp-content\/uploads\/2019\/04\/Cita-Namur-full-1024x524.jpg\" alt=\"\" width=\"1024\" height=\"524\" srcset=\"https:\/\/www.14512.be\/wp-content\/uploads\/2019\/04\/Cita-Namur-full-1024x524.jpg 1024w, https:\/\/www.14512.be\/wp-content\/uploads\/2019\/04\/Cita-Namur-full-300x154.jpg 300w, https:\/\/www.14512.be\/wp-content\/uploads\/2019\/04\/Cita-Namur-full-768x393.jpg 768w\" sizes=\"auto, (max-width: 1024px) 100vw, 1024px\" \/><\/a><\/p>\n","protected":false},"excerpt":{"rendered":"","protected":false},"author":1,"featured_media":0,"parent":0,"menu_order":0,"comment_status":"closed","ping_status":"closed","template":"","meta":{"footnotes":""},"class_list":["post-2992","page","type-page","status-publish","hentry"],"_links":{"self":[{"href":"https:\/\/www.14512.be\/index.php?rest_route=\/wp\/v2\/pages\/2992","targetHints":{"allow":["GET"]}}],"collection":[{"href":"https:\/\/www.14512.be\/index.php?rest_route=\/wp\/v2\/pages"}],"about":[{"href":"https:\/\/www.14512.be\/index.php?rest_route=\/wp\/v2\/types\/page"}],"author":[{"embeddable":true,"href":"https:\/\/www.14512.be\/index.php?rest_route=\/wp\/v2\/users\/1"}],"replies":[{"embeddable":true,"href":"https:\/\/www.14512.be\/index.php?rest_route=%2Fwp%2Fv2%2Fcomments&post=2992"}],"version-history":[{"count":14,"href":"https:\/\/www.14512.be\/index.php?rest_route=\/wp\/v2\/pages\/2992\/revisions"}],"predecessor-version":[{"id":3012,"href":"https:\/\/www.14512.be\/index.php?rest_route=\/wp\/v2\/pages\/2992\/revisions\/3012"}],"wp:attachment":[{"href":"https:\/\/www.14512.be\/index.php?rest_route=%2Fwp%2Fv2%2Fmedia&parent=2992"}],"curies":[{"name":"wp","href":"https:\/\/api.w.org\/{rel}","templated":true}]}}